{"id":7545,"date":"2022-01-05T07:55:16","date_gmt":"2022-01-05T06:55:16","guid":{"rendered":"http:\/\/spbazanowice.com.pl\/?page_id=7545"},"modified":"2022-10-22T19:29:28","modified_gmt":"2022-10-22T17:29:28","slug":"regulamin","status":"publish","type":"page","link":"http:\/\/spbazanowice.com.pl\/?page_id=7545","title":{"rendered":"Regulamin biblioteki"},"content":{"rendered":"\t\t<div data-elementor-type=\"wp-page\" data-elementor-id=\"7545\" class=\"elementor elementor-7545\" data-elementor-post-type=\"page\">\n\t\t\t\t\t\t<section class=\"elementor-section elementor-top-section elementor-element elementor-element-c47a190 elementor-section-boxed elementor-section-height-default elementor-section-height-default\" data-id=\"c47a190\" data-element_type=\"section\" data-settings=\"{&quot;background_background&quot;:&quot;gradient&quot;}\">\n\t\t\t\t\t\t<div class=\"elementor-container elementor-column-gap-default\">\n\t\t\t\t\t<div class=\"elementor-column elementor-col-100 elementor-top-column elementor-element elementor-element-876ddd1\" data-id=\"876ddd1\" data-element_type=\"column\">\n\t\t\t<div class=\"elementor-widget-wrap elementor-element-populated\">\n\t\t\t\t\t\t<div class=\"elementor-element elementor-element-58be583 elementor-widget elementor-widget-text-editor\" data-id=\"58be583\" data-element_type=\"widget\" data-widget_type=\"text-editor.default\">\n\t\t\t\t<div class=\"elementor-widget-container\">\n\t\t\t\t\t\t\t\t\t<p><b>Regulamin biblioteki szkolnej <\/b><\/p><p><b>w Szkole Podstawowej im. P. Stalmacha w Ba\u017canowicach<\/b><\/p><p>PRAWA I WARUNKI KORZYSTANIA Z BIBLIOTEKI<\/p><ol><li><p>Ze zbior\u00f3w biblioteki mog\u0105 korzysta\u0107 uczniowie, nauczyciele, pracownicy szko\u0142y oraz nauczyciele przedszkola w Ba\u017canowicach.<\/p><\/li><li><p>Biblioteka udost\u0119pnia swoje zbiory zgodnie z kalendarzem pracy szko\u0142y, w wyznaczonych godzinach.<\/p><\/li><li><p>Ka\u017cdy czytelnik jest zobowi\u0105zany do przestrzegania regulaminu biblioteki.<\/p><\/li><li><p>W bibliotece nale\u017cy zachowa\u0107 cisz\u0119; nie wolno spo\u017cywa\u0107 posi\u0142k\u00f3w i pi\u0107 napoj\u00f3w.<\/p><\/li><li><p>Czytelnicy odpowiadaj\u0105 materialnie za zniszczenie lub zagubienie wypo\u017cyczonych ksi\u0105\u017cek.<\/p><\/li><li><p>Ksi\u0105\u017cki i inne materia\u0142y nale\u017cy traktowa\u0107 jak dobro wsp\u00f3lne; zauwa\u017cone uszkodzenia zg\u0142asza si\u0119 bibliotekarzowi.<\/p><\/li><\/ol><p>WYPO\u017bYCZANIE<\/p><ol><li><p>Jednorazowo mo\u017cna wypo\u017cyczy\u0107 dwie ksi\u0105\u017cki na okres trzech tygodni; lektury wypo\u017cycza si\u0119 na okres miesi\u0105ca.<\/p><\/li><li><p>Istnieje mo\u017cliwo\u015b\u0107 prolongaty, tj. przesuni\u0119cia terminu zwrotu o nast\u0119pne dwa tygodnie, pod warunkiem, \u017ce nikt nie czeka na t\u0119 ksi\u0105\u017ck\u0119.<\/p><\/li><li><p>W wyj\u0105tkowych sytuacjach bibliotekarz mo\u017ce zwi\u0119kszy\u0107 liczb\u0119 wypo\u017cycze\u0144.<\/p><\/li><li><p>Czytelnik mo\u017ce wypo\u017cycza\u0107 jedynie na swoje nazwisko i nie mo\u017ce oddawa\u0107 ksi\u0105\u017cek innym osobom.<\/p><\/li><li><p>Uczniowie przygotowuj\u0105cy si\u0119 do konkurs\u00f3w, olimpiad mog\u0105 jednorazowo wypo\u017cyczy\u0107 wi\u0119ksz\u0105 liczb\u0119 ksi\u0105\u017cek.<\/p><\/li><li><p>Lektury i zbiory podr\u0119czne wydaje nauczyciel bibliotekarz, do pozosta\u0142ych zbior\u00f3w uczniowie maj\u0105 swobodny dost\u0119p.<\/p><\/li><li><p>Czytelnik zobowi\u0105zany jest odkupi\u0107 zagubion\u0105 lub zniszczon\u0105 ksi\u0105\u017ck\u0119, lub odda\u0107 inn\u0105, wskazan\u0105 przez bibliotekarza.<\/p><\/li><li><p>Niekt\u00f3re wydawnictwa ksi\u0119gozbioru podr\u0119cznego mog\u0105 by\u0107 wypo\u017cyczone do domu pod koniec dnia pracy biblioteki, pod warunkiem zwrotu nast\u0119pnego dnia przed lekcjami.<\/p><\/li><li><p>Pod koniec roku szkolnego wszystkie ksi\u0105\u017cki i inne materia\u0142y wypo\u017cyczone z biblioteki powinny by\u0107 zwr\u00f3cone w wyznaczonym terminie.<\/p><\/li><li><p>Mo\u017cna wypo\u017cyczy\u0107 ksi\u0105\u017cki na okres wakacji letnich pod warunkiem uregulowania wszystkich spraw przed ko\u0144cem roku szkolnego (w wyznaczonym terminie).<\/p><\/li><\/ol>\t\t\t\t\t\t\t\t<\/div>\n\t\t\t\t<\/div>\n\t\t\t\t\t<\/div>\n\t\t<\/div>\n\t\t\t\t\t<\/div>\n\t\t<\/section>\n\t\t\t\t<section class=\"elementor-section elementor-top-section elementor-element elementor-element-a04440a elementor-section-boxed elementor-section-height-default elementor-section-height-default\" data-id=\"a04440a\" data-element_type=\"section\" data-settings=\"{&quot;background_background&quot;:&quot;gradient&quot;}\">\n\t\t\t\t\t\t<div class=\"elementor-container elementor-column-gap-default\">\n\t\t\t\t\t<div class=\"elementor-column elementor-col-100 elementor-top-column elementor-element elementor-element-f3dab95\" data-id=\"f3dab95\" data-element_type=\"column\">\n\t\t\t<div class=\"elementor-widget-wrap elementor-element-populated\">\n\t\t\t\t\t\t<div class=\"elementor-element elementor-element-2243c2e elementor-widget elementor-widget-text-editor\" data-id=\"2243c2e\" data-element_type=\"widget\" data-widget_type=\"text-editor.default\">\n\t\t\t\t<div class=\"elementor-widget-container\">\n\t\t\t\t\t\t\t\t\t<p>WYPO\u017bYCZANIE PODR\u0118CZNIK\u00d3W<\/p><ol><li><p>Do wypo\u017cyczania podr\u0119cznik\u00f3w uprawnieni s\u0105 wszyscy uczniowie Szko\u0142y Podstawowej im.\u00a0P. Stalmacha w Ba\u017canowicach<\/p><\/li><li><p>Wypo\u017cyczanie odbywa si\u0119 na pocz\u0105tku ka\u017cdego roku szkolnego.<\/p><\/li><li><p>Podr\u0119czniki wypo\u017cyczane s\u0105 na okres jednego roku szkolnego, termin ich zwrotu mija w\u00a0dzie\u0144 poprzedzaj\u0105cy zako\u0144czenie roku szkolnego.<\/p><\/li><li><p>Podr\u0119czniki stanowi\u0105 w\u0142asno\u015b\u0107 Gminy Golesz\u00f3w.<\/p><\/li><li><p>Wypo\u017cyczone podr\u0119czniki nale\u017cy chroni\u0107 przed zniszczeniem i zgubieniem. Ksi\u0105\u017cki trzeba ob\u0142o\u017cy\u0107 (papierem, plastikow\u0105 ok\u0142adk\u0105) i podpisa\u0107 w wyznaczonym miejscu. Nie wolno po nich pisa\u0107, rysowa\u0107. Dopuszcza si\u0119 u\u017cywanie o\u0142\u00f3wka w celu zaznaczenia (np. pracy domowej); przed oddaniem nale\u017cy usun\u0105\u0107 \u015blady po o\u0142\u00f3wku.<\/p><\/li><li><p>Dodatkowe wyposa\u017cenie podr\u0119cznika (np. mapy, p\u0142yty, plansze) jest integraln\u0105 cz\u0119\u015bci\u0105 podr\u0119cznika i nale\u017cy j\u0105 zwr\u00f3ci\u0107 wraz z podr\u0119cznikiem. Zgubienie lub zniszczenie dodatku skutkuje konieczno\u015bci\u0105 pokrycia koszt\u00f3w zakupu podr\u0119cznika.<\/p><\/li><li><p>Za szkody wynik\u0142e z zagubienia, uszkodzenia, zniszczenia, niezwr\u00f3cenia w ustalonym terminie podr\u0119cznika odpowiada rodzic (opiekun prawny) wypo\u017cyczaj\u0105cego, wp\u0142acaj\u0105c odszkodowanie w wysoko\u015bci 100% ceny katalogowej podr\u0119cznika do kasy Urz\u0119du Gminy.<\/p><\/li><li><p>Osoby zalegaj\u0105ce ze zwrotem podr\u0119cznik\u00f3w nie mog\u0105 wypo\u017cycza\u0107 nast\u0119pnych ksi\u0105\u017cek do czasu uregulowania swoich zobowi\u0105za\u0144.<\/p><\/li><li><p>W przypadku braku zwrotu wypo\u017cyczonych podr\u0119cznik\u00f3w lub braku zap\u0142aty za niezwr\u00f3cone b\u0105d\u017a zniszczone podr\u0119czniki szko\u0142a kieruje spraw\u0119 na drog\u0119 post\u0119powania s\u0105dowego.<\/p><\/li><\/ol><p><span style=\"font-size: 14pt;\"><strong><a href=\"http:\/\/spbazanowice.com.pl\/wp-content\/uploads\/2022\/01\/O\u015bwiadczenie.odt\">O\u015bwiadczenie-pobierz<\/a><\/strong><\/span><\/p><p align=\"center\">O\u015aWIADCZENIE<\/p><p>Przyjmuj\u0119 do wiadomo\u015bci i stosowania postanowienia powy\u017cszego regulaminu. Bior\u0119 na siebie<\/p><p>pe\u0142n\u0105 odpowiedzialno\u015b\u0107 finansow\u0105 za wypo\u017cyczenie przez c\u00f3rk\u0119\/syna<\/p><p>\u2026\u2026\u2026\u2026\u2026\u2026\u2026\u2026\u2026\u2026\u2026\u2026..\u2026\u2026\u2026\u2026\u2026\u2026\u2026\u2026\u2026\u2026\u2026\u2026\u2026\u2026\u2026\u2026\u2026\u2026\u2026\u2026\u2026\u2026. uczennic\u0119\/<\/p><p><i>ucznia klasy \u2026\u2026\u2026\u2026\u2026\u2026\u2026\u2026\u2026.. podr\u0119czniki b\u0119d\u0105ce w\u0142asno\u015bci\u0105 Gminy Golesz\u00f3w. Przyjmuj\u0119 do wiadomo\u015bci, i\u017c w przypadku niezwr\u00f3cenia wypo\u017cyczonych podr\u0119cznik\u00f3w lub braku zap\u0142aty za <\/i>niezwr\u00f3cone\/zniszczone podr\u0119czniki, biblioteka skieruje spraw\u0119 na drog\u0119 post\u0119powania s\u0105dowego.<\/p><p>\u2026\u2026\u2026\u2026\u2026\u2026\u2026\u2026\u2026\u2026\u2026\u2026\u2026. \u2026\u2026\u2026\u2026\u2026\u2026\u2026\u2026\u2026\u2026\u2026\u2026\u2026\u2026\u2026\u2026.<\/p><p><span style=\"font-size: small;\">data czytelny podpis Rodzica\/Opiekuna<\/span><\/p>\t\t\t\t\t\t\t\t<\/div>\n\t\t\t\t<\/div>\n\t\t\t\t\t<\/div>\n\t\t<\/div>\n\t\t\t\t\t<\/div>\n\t\t<\/section>\n\t\t\t\t<\/div>\n\t\t","protected":false},"excerpt":{"rendered":"<p>Regulamin biblioteki szkolnej w Szkole Podstawowej im. P. Stalmacha w Ba\u017canowicach PRAWA I WARUNKI KORZYSTANIA Z BIBLIOTEKI Ze zbior\u00f3w biblioteki mog\u0105 korzysta\u0107 uczniowie, nauczyciele, pracownicy szko\u0142y oraz nauczyciele przedszkola w Ba\u017canowicach. Biblioteka udost\u0119pnia swoje zbiory zgodnie z kalendarzem pracy szko\u0142y, w wyznaczonych godzinach. Ka\u017cdy czytelnik jest zobowi\u0105zany do przestrzegania regulaminu biblioteki. W bibliotece nale\u017cy zachowa\u0107 [&hellip;]<\/p>\n","protected":false},"author":4,"featured_media":0,"parent":0,"menu_order":0,"comment_status":"closed","ping_status":"closed","template":"","meta":{"footnotes":""},"class_list":["post-7545","page","type-page","status-publish","hentry"],"yoast_head":"<!-- This site is optimized with the Yoast SEO plugin v24.7 - https:\/\/yoast.com\/wordpress\/plugins\/seo\/ -->\n<title>Regulamin biblioteki - Szko\u0142a Podstawowa im. Paw\u0142a Stalmacha w Ba\u017canowicach<\/title>\n<meta name=\"robots\" content=\"index, follow, max-snippet:-1, max-image-preview:large, max-video-preview:-1\" \/>\n<link rel=\"canonical\" href=\"http:\/\/spbazanowice.com.pl\/?page_id=7545\" \/>\n<meta property=\"og:locale\" content=\"pl_PL\" \/>\n<meta property=\"og:type\" content=\"article\" \/>\n<meta property=\"og:title\" content=\"Regulamin biblioteki - Szko\u0142a Podstawowa im. Paw\u0142a Stalmacha w Ba\u017canowicach\" \/>\n<meta property=\"og:description\" content=\"Regulamin biblioteki szkolnej w Szkole Podstawowej im. P. Stalmacha w Ba\u017canowicach PRAWA I WARUNKI KORZYSTANIA Z BIBLIOTEKI Ze zbior\u00f3w biblioteki mog\u0105 korzysta\u0107 uczniowie, nauczyciele, pracownicy szko\u0142y oraz nauczyciele przedszkola w Ba\u017canowicach. Biblioteka udost\u0119pnia swoje zbiory zgodnie z kalendarzem pracy szko\u0142y, w wyznaczonych godzinach. Ka\u017cdy czytelnik jest zobowi\u0105zany do przestrzegania regulaminu biblioteki. W bibliotece nale\u017cy zachowa\u0107 [&hellip;]\" \/>\n<meta property=\"og:url\" content=\"http:\/\/spbazanowice.com.pl\/?page_id=7545\" \/>\n<meta property=\"og:site_name\" content=\"Szko\u0142a Podstawowa im. Paw\u0142a Stalmacha w Ba\u017canowicach\" \/>\n<meta property=\"article:publisher\" content=\"https:\/\/www.facebook.com\/people\/Szkoa-Podstawowa-im-Pawa-Stalmacha-w-Baanowicach\/100063560261577\/\" \/>\n<meta property=\"article:modified_time\" content=\"2022-10-22T17:29:28+00:00\" \/>\n<meta name=\"twitter:card\" content=\"summary_large_image\" \/>\n<meta name=\"twitter:label1\" content=\"Szacowany czas czytania\" \/>\n\t<meta name=\"twitter:data1\" content=\"3 minuty\" \/>\n<script type=\"application\/ld+json\" class=\"yoast-schema-graph\">{\"@context\":\"https:\/\/schema.org\",\"@graph\":[{\"@type\":\"WebPage\",\"@id\":\"http:\/\/spbazanowice.com.pl\/?page_id=7545\",\"url\":\"http:\/\/spbazanowice.com.pl\/?page_id=7545\",\"name\":\"Regulamin biblioteki - Szko\u0142a Podstawowa im. Paw\u0142a Stalmacha w Ba\u017canowicach\",\"isPartOf\":{\"@id\":\"https:\/\/spbazanowice.com.pl\/#website\"},\"datePublished\":\"2022-01-05T06:55:16+00:00\",\"dateModified\":\"2022-10-22T17:29:28+00:00\",\"breadcrumb\":{\"@id\":\"http:\/\/spbazanowice.com.pl\/?page_id=7545#breadcrumb\"},\"inLanguage\":\"pl-PL\",\"potentialAction\":[{\"@type\":\"ReadAction\",\"target\":[\"http:\/\/spbazanowice.com.pl\/?page_id=7545\"]}]},{\"@type\":\"BreadcrumbList\",\"@id\":\"http:\/\/spbazanowice.com.pl\/?page_id=7545#breadcrumb\",\"itemListElement\":[{\"@type\":\"ListItem\",\"position\":1,\"name\":\"Strona g\u0142\u00f3wna\",\"item\":\"https:\/\/spbazanowice.com.pl\/\"},{\"@type\":\"ListItem\",\"position\":2,\"name\":\"Regulamin biblioteki\"}]},{\"@type\":\"WebSite\",\"@id\":\"https:\/\/spbazanowice.com.pl\/#website\",\"url\":\"https:\/\/spbazanowice.com.pl\/\",\"name\":\"Szko\u0142a Podstawowa im. Paw\u0142a Stalmacha w Ba\u017canowicach\",\"description\":\"\",\"publisher\":{\"@id\":\"https:\/\/spbazanowice.com.pl\/#organization\"},\"potentialAction\":[{\"@type\":\"SearchAction\",\"target\":{\"@type\":\"EntryPoint\",\"urlTemplate\":\"https:\/\/spbazanowice.com.pl\/?s={search_term_string}\"},\"query-input\":{\"@type\":\"PropertyValueSpecification\",\"valueRequired\":true,\"valueName\":\"search_term_string\"}}],\"inLanguage\":\"pl-PL\"},{\"@type\":\"Organization\",\"@id\":\"https:\/\/spbazanowice.com.pl\/#organization\",\"name\":\"Szko\u0142a Podstawowa im. Paw\u0142a Stalmacha w Ba\u017canowicach\",\"url\":\"https:\/\/spbazanowice.com.pl\/\",\"logo\":{\"@type\":\"ImageObject\",\"inLanguage\":\"pl-PL\",\"@id\":\"https:\/\/spbazanowice.com.pl\/#\/schema\/logo\/image\/\",\"url\":\"http:\/\/spbazanowice.com.pl\/wp-content\/uploads\/2023\/03\/IMG-20211220-WA0000-1.jpg\",\"contentUrl\":\"http:\/\/spbazanowice.com.pl\/wp-content\/uploads\/2023\/03\/IMG-20211220-WA0000-1.jpg\",\"width\":353,\"height\":396,\"caption\":\"Szko\u0142a Podstawowa im. Paw\u0142a Stalmacha w Ba\u017canowicach\"},\"image\":{\"@id\":\"https:\/\/spbazanowice.com.pl\/#\/schema\/logo\/image\/\"},\"sameAs\":[\"https:\/\/www.facebook.com\/people\/Szkoa-Podstawowa-im-Pawa-Stalmacha-w-Baanowicach\/100063560261577\/\"]}]}<\/script>\n<!-- \/ Yoast SEO plugin. -->","yoast_head_json":{"title":"Regulamin biblioteki - Szko\u0142a Podstawowa im. Paw\u0142a Stalmacha w Ba\u017canowicach","robots":{"index":"index","follow":"follow","max-snippet":"max-snippet:-1","max-image-preview":"max-image-preview:large","max-video-preview":"max-video-preview:-1"},"canonical":"http:\/\/spbazanowice.com.pl\/?page_id=7545","og_locale":"pl_PL","og_type":"article","og_title":"Regulamin biblioteki - Szko\u0142a Podstawowa im. Paw\u0142a Stalmacha w Ba\u017canowicach","og_description":"Regulamin biblioteki szkolnej w Szkole Podstawowej im. P. Stalmacha w Ba\u017canowicach PRAWA I WARUNKI KORZYSTANIA Z BIBLIOTEKI Ze zbior\u00f3w biblioteki mog\u0105 korzysta\u0107 uczniowie, nauczyciele, pracownicy szko\u0142y oraz nauczyciele przedszkola w Ba\u017canowicach. Biblioteka udost\u0119pnia swoje zbiory zgodnie z kalendarzem pracy szko\u0142y, w wyznaczonych godzinach. Ka\u017cdy czytelnik jest zobowi\u0105zany do przestrzegania regulaminu biblioteki. W bibliotece nale\u017cy zachowa\u0107 [&hellip;]","og_url":"http:\/\/spbazanowice.com.pl\/?page_id=7545","og_site_name":"Szko\u0142a Podstawowa im. Paw\u0142a Stalmacha w Ba\u017canowicach","article_publisher":"https:\/\/www.facebook.com\/people\/Szkoa-Podstawowa-im-Pawa-Stalmacha-w-Baanowicach\/100063560261577\/","article_modified_time":"2022-10-22T17:29:28+00:00","twitter_card":"summary_large_image","twitter_misc":{"Szacowany czas czytania":"3 minuty"},"schema":{"@context":"https:\/\/schema.org","@graph":[{"@type":"WebPage","@id":"http:\/\/spbazanowice.com.pl\/?page_id=7545","url":"http:\/\/spbazanowice.com.pl\/?page_id=7545","name":"Regulamin biblioteki - Szko\u0142a Podstawowa im. Paw\u0142a Stalmacha w Ba\u017canowicach","isPartOf":{"@id":"https:\/\/spbazanowice.com.pl\/#website"},"datePublished":"2022-01-05T06:55:16+00:00","dateModified":"2022-10-22T17:29:28+00:00","breadcrumb":{"@id":"http:\/\/spbazanowice.com.pl\/?page_id=7545#breadcrumb"},"inLanguage":"pl-PL","potentialAction":[{"@type":"ReadAction","target":["http:\/\/spbazanowice.com.pl\/?page_id=7545"]}]},{"@type":"BreadcrumbList","@id":"http:\/\/spbazanowice.com.pl\/?page_id=7545#breadcrumb","itemListElement":[{"@type":"ListItem","position":1,"name":"Strona g\u0142\u00f3wna","item":"https:\/\/spbazanowice.com.pl\/"},{"@type":"ListItem","position":2,"name":"Regulamin biblioteki"}]},{"@type":"WebSite","@id":"https:\/\/spbazanowice.com.pl\/#website","url":"https:\/\/spbazanowice.com.pl\/","name":"Szko\u0142a Podstawowa im. Paw\u0142a Stalmacha w Ba\u017canowicach","description":"","publisher":{"@id":"https:\/\/spbazanowice.com.pl\/#organization"},"potentialAction":[{"@type":"SearchAction","target":{"@type":"EntryPoint","urlTemplate":"https:\/\/spbazanowice.com.pl\/?s={search_term_string}"},"query-input":{"@type":"PropertyValueSpecification","valueRequired":true,"valueName":"search_term_string"}}],"inLanguage":"pl-PL"},{"@type":"Organization","@id":"https:\/\/spbazanowice.com.pl\/#organization","name":"Szko\u0142a Podstawowa im. Paw\u0142a Stalmacha w Ba\u017canowicach","url":"https:\/\/spbazanowice.com.pl\/","logo":{"@type":"ImageObject","inLanguage":"pl-PL","@id":"https:\/\/spbazanowice.com.pl\/#\/schema\/logo\/image\/","url":"http:\/\/spbazanowice.com.pl\/wp-content\/uploads\/2023\/03\/IMG-20211220-WA0000-1.jpg","contentUrl":"http:\/\/spbazanowice.com.pl\/wp-content\/uploads\/2023\/03\/IMG-20211220-WA0000-1.jpg","width":353,"height":396,"caption":"Szko\u0142a Podstawowa im. Paw\u0142a Stalmacha w Ba\u017canowicach"},"image":{"@id":"https:\/\/spbazanowice.com.pl\/#\/schema\/logo\/image\/"},"sameAs":["https:\/\/www.facebook.com\/people\/Szkoa-Podstawowa-im-Pawa-Stalmacha-w-Baanowicach\/100063560261577\/"]}]}},"_links":{"self":[{"href":"http:\/\/spbazanowice.com.pl\/index.php?rest_route=\/wp\/v2\/pages\/7545","targetHints":{"allow":["GET"]}}],"collection":[{"href":"http:\/\/spbazanowice.com.pl\/index.php?rest_route=\/wp\/v2\/pages"}],"about":[{"href":"http:\/\/spbazanowice.com.pl\/index.php?rest_route=\/wp\/v2\/types\/page"}],"author":[{"embeddable":true,"href":"http:\/\/spbazanowice.com.pl\/index.php?rest_route=\/wp\/v2\/users\/4"}],"replies":[{"embeddable":true,"href":"http:\/\/spbazanowice.com.pl\/index.php?rest_route=%2Fwp%2Fv2%2Fcomments&post=7545"}],"version-history":[{"count":16,"href":"http:\/\/spbazanowice.com.pl\/index.php?rest_route=\/wp\/v2\/pages\/7545\/revisions"}],"predecessor-version":[{"id":11848,"href":"http:\/\/spbazanowice.com.pl\/index.php?rest_route=\/wp\/v2\/pages\/7545\/revisions\/11848"}],"wp:attachment":[{"href":"http:\/\/spbazanowice.com.pl\/index.php?rest_route=%2Fwp%2Fv2%2Fmedia&parent=7545"}],"curies":[{"name":"wp","href":"https:\/\/api.w.org\/{rel}","templated":true}]}}