{"id":23644,"date":"2025-03-25T17:28:45","date_gmt":"2025-03-25T16:28:45","guid":{"rendered":"http:\/\/spbazanowice.com.pl\/?page_id=23644"},"modified":"2025-03-25T17:31:32","modified_gmt":"2025-03-25T16:31:32","slug":"accessibility-statement","status":"publish","type":"page","link":"http:\/\/spbazanowice.com.pl\/?page_id=23644","title":{"rendered":"Menu dost\u0119pno\u015bci"},"content":{"rendered":"\n\n<h6 class=\"wp-block-heading has-text-align-center\">O\u015bwiadczenie dost\u0119pno\u015bci dla www.spbazanowice.com.pl<\/h6>\n\n\n<p><strong>Szko\u0142a Podstawowa im. Paw\u0142a Stalmacha w Ba\u017canowicach<\/strong> zobowi\u0105zuje si\u0119 do zapewnienia dost\u0119pno\u015bci cyfrowej osobom z niepe\u0142nosprawno\u015bciami. Ci\u0105gle ulepszamy do\u015bwiadczenie u\u017cytkownika dla wszystkich i stosujemy odpowiednie standardy dost\u0119pno\u015bci.<\/p>\n\n\n<h6 class=\"wp-block-heading\">Status zgodno\u015bci<\/h6>\n\n\n<p>Wytyczne dotycz\u0105ce dost\u0119pno\u015bci tre\u015bci internetowych (WCAG) okre\u015blaj\u0105 wymagania dla projektant\u00f3w i deweloper\u00f3w w celu poprawy dost\u0119pno\u015bci dla os\u00f3b niepe\u0142nosprawnych. Definiuj\u0105 trzy poziomy zgodno\u015bci: poziom A, poziom AA i poziom AAA.<\/p>\n\n\n<p><strong>Szko\u0142a Podstawowa im. Paw\u0142a Stalmacha w Ba\u017canowicach<\/strong> nieustannie podejmuje wysi\u0142ki maj\u0105ce na celu popraw\u0119 dost\u0119pno\u015bci swojej witryny i us\u0142ug, wierz\u0105c, \u017ce naszym wsp\u00f3lnym moralnym obowi\u0105zkiem jest umo\u017cliwienie bezproblemowego, dost\u0119pnego i nieograniczonego korzystania z nich osobom z niepe\u0142nosprawno\u015bciami.<\/p>\n\n\n<p>Naszym celem jest udost\u0119pnienie wszystkich stron i tre\u015bci na <strong>www.spbazanowice.com.pl<\/strong>, ale niekt\u00f3re tre\u015bci mog\u0105 jeszcze nie w pe\u0142ni spe\u0142nia\u0107 najwy\u017csze standardy dost\u0119pno\u015bci. Mo\u017ce to by\u0107 spowodowane trudno\u015bciami w okre\u015bleniu najbardziej odpowiedniego rozwi\u0105zania technologicznego.<\/p>\n\n\n<p>Mo\u017cemy okresowo dokonywa\u0107 przegl\u0105du niniejszego o\u015bwiadczenia w celu uwzgl\u0119dnienia udoskonale\u0144 lub zmian w naszych praktykach dotycz\u0105cych dost\u0119pno\u015bci.<\/p>\n\n\n<h6 class=\"wp-block-heading\">Uwagi<\/h6>\n\n\n<p>Zapraszamy do przesy\u0142ania opinii na temat dost\u0119pno\u015bci witryny <strong>Szko\u0142a Podstawowa im. Paw\u0142a Stalmacha w Ba\u017canowicach<\/strong>. Prosimy o poinformowanie nas, je\u015bli napotkasz bariery dost\u0119pno\u015bci na naszej stronie internetowej:<\/p>\n\n\n<p>E-mail: <strong>spbazanowice@oswiata.goleszow.info.pl<\/strong><\/p>\n\n\n<p>Staramy si\u0119 odpowiada\u0107 na opinie w ci\u0105gu 3\u20135 dni roboczych.<\/p>\n\n\n<p>O\u015bwiadczenie zosta\u0142o utworzone o 25.03.2025. <\/p>\n","protected":false},"excerpt":{"rendered":"<p>O\u015bwiadczenie dost\u0119pno\u015bci dla www.spbazanowice.com.pl Szko\u0142a Podstawowa im. Paw\u0142a Stalmacha w Ba\u017canowicach zobowi\u0105zuje si\u0119 do zapewnienia dost\u0119pno\u015bci cyfrowej osobom z niepe\u0142nosprawno\u015bciami. Ci\u0105gle ulepszamy do\u015bwiadczenie u\u017cytkownika dla wszystkich i stosujemy odpowiednie standardy dost\u0119pno\u015bci. Status zgodno\u015bci Wytyczne dotycz\u0105ce dost\u0119pno\u015bci tre\u015bci internetowych (WCAG) okre\u015blaj\u0105 wymagania dla projektant\u00f3w i deweloper\u00f3w w celu poprawy dost\u0119pno\u015bci dla os\u00f3b niepe\u0142nosprawnych. Definiuj\u0105 trzy poziomy [&hellip;]<\/p>\n","protected":false},"author":4,"featured_media":0,"parent":0,"menu_order":0,"comment_status":"closed","ping_status":"closed","template":"","meta":{"footnotes":""},"class_list":["post-23644","page","type-page","status-publish","hentry"],"yoast_head":"<!-- This site is optimized with the Yoast SEO plugin v24.7 - https:\/\/yoast.com\/wordpress\/plugins\/seo\/ -->\n<title>Menu dost\u0119pno\u015bci - Szko\u0142a Podstawowa im. Paw\u0142a Stalmacha w Ba\u017canowicach<\/title>\n<meta name=\"robots\" content=\"index, follow, max-snippet:-1, max-image-preview:large, max-video-preview:-1\" \/>\n<link rel=\"canonical\" href=\"http:\/\/spbazanowice.com.pl\/?page_id=23644\" \/>\n<meta property=\"og:locale\" content=\"pl_PL\" \/>\n<meta property=\"og:type\" content=\"article\" \/>\n<meta property=\"og:title\" content=\"Menu dost\u0119pno\u015bci - Szko\u0142a Podstawowa im. Paw\u0142a Stalmacha w Ba\u017canowicach\" \/>\n<meta property=\"og:description\" content=\"O\u015bwiadczenie dost\u0119pno\u015bci dla www.spbazanowice.com.pl Szko\u0142a Podstawowa im. Paw\u0142a Stalmacha w Ba\u017canowicach zobowi\u0105zuje si\u0119 do zapewnienia dost\u0119pno\u015bci cyfrowej osobom z niepe\u0142nosprawno\u015bciami. Ci\u0105gle ulepszamy do\u015bwiadczenie u\u017cytkownika dla wszystkich i stosujemy odpowiednie standardy dost\u0119pno\u015bci. Status zgodno\u015bci Wytyczne dotycz\u0105ce dost\u0119pno\u015bci tre\u015bci internetowych (WCAG) okre\u015blaj\u0105 wymagania dla projektant\u00f3w i deweloper\u00f3w w celu poprawy dost\u0119pno\u015bci dla os\u00f3b niepe\u0142nosprawnych. Definiuj\u0105 trzy poziomy [&hellip;]\" \/>\n<meta property=\"og:url\" content=\"http:\/\/spbazanowice.com.pl\/?page_id=23644\" \/>\n<meta property=\"og:site_name\" content=\"Szko\u0142a Podstawowa im. Paw\u0142a Stalmacha w Ba\u017canowicach\" \/>\n<meta property=\"article:publisher\" content=\"https:\/\/www.facebook.com\/people\/Szkoa-Podstawowa-im-Pawa-Stalmacha-w-Baanowicach\/100063560261577\/\" \/>\n<meta property=\"article:modified_time\" content=\"2025-03-25T16:31:32+00:00\" \/>\n<meta name=\"twitter:card\" content=\"summary_large_image\" \/>\n<meta name=\"twitter:label1\" content=\"Szacowany czas czytania\" \/>\n\t<meta name=\"twitter:data1\" content=\"2 minuty\" \/>\n<script type=\"application\/ld+json\" class=\"yoast-schema-graph\">{\"@context\":\"https:\/\/schema.org\",\"@graph\":[{\"@type\":\"WebPage\",\"@id\":\"http:\/\/spbazanowice.com.pl\/?page_id=23644\",\"url\":\"http:\/\/spbazanowice.com.pl\/?page_id=23644\",\"name\":\"Menu dost\u0119pno\u015bci - Szko\u0142a Podstawowa im. Paw\u0142a Stalmacha w Ba\u017canowicach\",\"isPartOf\":{\"@id\":\"http:\/\/spbazanowice.com.pl\/#website\"},\"datePublished\":\"2025-03-25T16:28:45+00:00\",\"dateModified\":\"2025-03-25T16:31:32+00:00\",\"breadcrumb\":{\"@id\":\"http:\/\/spbazanowice.com.pl\/?page_id=23644#breadcrumb\"},\"inLanguage\":\"pl-PL\",\"potentialAction\":[{\"@type\":\"ReadAction\",\"target\":[\"http:\/\/spbazanowice.com.pl\/?page_id=23644\"]}]},{\"@type\":\"BreadcrumbList\",\"@id\":\"http:\/\/spbazanowice.com.pl\/?page_id=23644#breadcrumb\",\"itemListElement\":[{\"@type\":\"ListItem\",\"position\":1,\"name\":\"Strona g\u0142\u00f3wna\",\"item\":\"http:\/\/spbazanowice.com.pl\/\"},{\"@type\":\"ListItem\",\"position\":2,\"name\":\"Menu dost\u0119pno\u015bci\"}]},{\"@type\":\"WebSite\",\"@id\":\"http:\/\/spbazanowice.com.pl\/#website\",\"url\":\"http:\/\/spbazanowice.com.pl\/\",\"name\":\"Szko\u0142a Podstawowa im. Paw\u0142a Stalmacha w Ba\u017canowicach\",\"description\":\"\",\"publisher\":{\"@id\":\"http:\/\/spbazanowice.com.pl\/#organization\"},\"potentialAction\":[{\"@type\":\"SearchAction\",\"target\":{\"@type\":\"EntryPoint\",\"urlTemplate\":\"http:\/\/spbazanowice.com.pl\/?s={search_term_string}\"},\"query-input\":{\"@type\":\"PropertyValueSpecification\",\"valueRequired\":true,\"valueName\":\"search_term_string\"}}],\"inLanguage\":\"pl-PL\"},{\"@type\":\"Organization\",\"@id\":\"http:\/\/spbazanowice.com.pl\/#organization\",\"name\":\"Szko\u0142a Podstawowa im. Paw\u0142a Stalmacha w Ba\u017canowicach\",\"url\":\"http:\/\/spbazanowice.com.pl\/\",\"logo\":{\"@type\":\"ImageObject\",\"inLanguage\":\"pl-PL\",\"@id\":\"http:\/\/spbazanowice.com.pl\/#\/schema\/logo\/image\/\",\"url\":\"http:\/\/spbazanowice.com.pl\/wp-content\/uploads\/2023\/03\/IMG-20211220-WA0000-1.jpg\",\"contentUrl\":\"http:\/\/spbazanowice.com.pl\/wp-content\/uploads\/2023\/03\/IMG-20211220-WA0000-1.jpg\",\"width\":353,\"height\":396,\"caption\":\"Szko\u0142a Podstawowa im. Paw\u0142a Stalmacha w Ba\u017canowicach\"},\"image\":{\"@id\":\"http:\/\/spbazanowice.com.pl\/#\/schema\/logo\/image\/\"},\"sameAs\":[\"https:\/\/www.facebook.com\/people\/Szkoa-Podstawowa-im-Pawa-Stalmacha-w-Baanowicach\/100063560261577\/\"]}]}<\/script>\n<!-- \/ Yoast SEO plugin. -->","yoast_head_json":{"title":"Menu dost\u0119pno\u015bci - Szko\u0142a Podstawowa im. Paw\u0142a Stalmacha w Ba\u017canowicach","robots":{"index":"index","follow":"follow","max-snippet":"max-snippet:-1","max-image-preview":"max-image-preview:large","max-video-preview":"max-video-preview:-1"},"canonical":"http:\/\/spbazanowice.com.pl\/?page_id=23644","og_locale":"pl_PL","og_type":"article","og_title":"Menu dost\u0119pno\u015bci - Szko\u0142a Podstawowa im. Paw\u0142a Stalmacha w Ba\u017canowicach","og_description":"O\u015bwiadczenie dost\u0119pno\u015bci dla www.spbazanowice.com.pl Szko\u0142a Podstawowa im. Paw\u0142a Stalmacha w Ba\u017canowicach zobowi\u0105zuje si\u0119 do zapewnienia dost\u0119pno\u015bci cyfrowej osobom z niepe\u0142nosprawno\u015bciami. Ci\u0105gle ulepszamy do\u015bwiadczenie u\u017cytkownika dla wszystkich i stosujemy odpowiednie standardy dost\u0119pno\u015bci. Status zgodno\u015bci Wytyczne dotycz\u0105ce dost\u0119pno\u015bci tre\u015bci internetowych (WCAG) okre\u015blaj\u0105 wymagania dla projektant\u00f3w i deweloper\u00f3w w celu poprawy dost\u0119pno\u015bci dla os\u00f3b niepe\u0142nosprawnych. Definiuj\u0105 trzy poziomy [&hellip;]","og_url":"http:\/\/spbazanowice.com.pl\/?page_id=23644","og_site_name":"Szko\u0142a Podstawowa im. Paw\u0142a Stalmacha w Ba\u017canowicach","article_publisher":"https:\/\/www.facebook.com\/people\/Szkoa-Podstawowa-im-Pawa-Stalmacha-w-Baanowicach\/100063560261577\/","article_modified_time":"2025-03-25T16:31:32+00:00","twitter_card":"summary_large_image","twitter_misc":{"Szacowany czas czytania":"2 minuty"},"schema":{"@context":"https:\/\/schema.org","@graph":[{"@type":"WebPage","@id":"http:\/\/spbazanowice.com.pl\/?page_id=23644","url":"http:\/\/spbazanowice.com.pl\/?page_id=23644","name":"Menu dost\u0119pno\u015bci - Szko\u0142a Podstawowa im. Paw\u0142a Stalmacha w Ba\u017canowicach","isPartOf":{"@id":"http:\/\/spbazanowice.com.pl\/#website"},"datePublished":"2025-03-25T16:28:45+00:00","dateModified":"2025-03-25T16:31:32+00:00","breadcrumb":{"@id":"http:\/\/spbazanowice.com.pl\/?page_id=23644#breadcrumb"},"inLanguage":"pl-PL","potentialAction":[{"@type":"ReadAction","target":["http:\/\/spbazanowice.com.pl\/?page_id=23644"]}]},{"@type":"BreadcrumbList","@id":"http:\/\/spbazanowice.com.pl\/?page_id=23644#breadcrumb","itemListElement":[{"@type":"ListItem","position":1,"name":"Strona g\u0142\u00f3wna","item":"http:\/\/spbazanowice.com.pl\/"},{"@type":"ListItem","position":2,"name":"Menu dost\u0119pno\u015bci"}]},{"@type":"WebSite","@id":"http:\/\/spbazanowice.com.pl\/#website","url":"http:\/\/spbazanowice.com.pl\/","name":"Szko\u0142a Podstawowa im. Paw\u0142a Stalmacha w Ba\u017canowicach","description":"","publisher":{"@id":"http:\/\/spbazanowice.com.pl\/#organization"},"potentialAction":[{"@type":"SearchAction","target":{"@type":"EntryPoint","urlTemplate":"http:\/\/spbazanowice.com.pl\/?s={search_term_string}"},"query-input":{"@type":"PropertyValueSpecification","valueRequired":true,"valueName":"search_term_string"}}],"inLanguage":"pl-PL"},{"@type":"Organization","@id":"http:\/\/spbazanowice.com.pl\/#organization","name":"Szko\u0142a Podstawowa im. Paw\u0142a Stalmacha w Ba\u017canowicach","url":"http:\/\/spbazanowice.com.pl\/","logo":{"@type":"ImageObject","inLanguage":"pl-PL","@id":"http:\/\/spbazanowice.com.pl\/#\/schema\/logo\/image\/","url":"http:\/\/spbazanowice.com.pl\/wp-content\/uploads\/2023\/03\/IMG-20211220-WA0000-1.jpg","contentUrl":"http:\/\/spbazanowice.com.pl\/wp-content\/uploads\/2023\/03\/IMG-20211220-WA0000-1.jpg","width":353,"height":396,"caption":"Szko\u0142a Podstawowa im. Paw\u0142a Stalmacha w Ba\u017canowicach"},"image":{"@id":"http:\/\/spbazanowice.com.pl\/#\/schema\/logo\/image\/"},"sameAs":["https:\/\/www.facebook.com\/people\/Szkoa-Podstawowa-im-Pawa-Stalmacha-w-Baanowicach\/100063560261577\/"]}]}},"_links":{"self":[{"href":"http:\/\/spbazanowice.com.pl\/index.php?rest_route=\/wp\/v2\/pages\/23644","targetHints":{"allow":["GET"]}}],"collection":[{"href":"http:\/\/spbazanowice.com.pl\/index.php?rest_route=\/wp\/v2\/pages"}],"about":[{"href":"http:\/\/spbazanowice.com.pl\/index.php?rest_route=\/wp\/v2\/types\/page"}],"author":[{"embeddable":true,"href":"http:\/\/spbazanowice.com.pl\/index.php?rest_route=\/wp\/v2\/users\/4"}],"replies":[{"embeddable":true,"href":"http:\/\/spbazanowice.com.pl\/index.php?rest_route=%2Fwp%2Fv2%2Fcomments&post=23644"}],"version-history":[{"count":1,"href":"http:\/\/spbazanowice.com.pl\/index.php?rest_route=\/wp\/v2\/pages\/23644\/revisions"}],"predecessor-version":[{"id":23645,"href":"http:\/\/spbazanowice.com.pl\/index.php?rest_route=\/wp\/v2\/pages\/23644\/revisions\/23645"}],"wp:attachment":[{"href":"http:\/\/spbazanowice.com.pl\/index.php?rest_route=%2Fwp%2Fv2%2Fmedia&parent=23644"}],"curies":[{"name":"wp","href":"https:\/\/api.w.org\/{rel}","templated":true}]}}