{"id":21964,"date":"2024-10-20T16:29:50","date_gmt":"2024-10-20T14:29:50","guid":{"rendered":"http:\/\/spbazanowice.com.pl\/?page_id=21964"},"modified":"2024-10-20T17:24:20","modified_gmt":"2024-10-20T15:24:20","slug":"karta-rowerowa","status":"publish","type":"page","link":"http:\/\/spbazanowice.com.pl\/?page_id=21964","title":{"rendered":"Karta rowerowa"},"content":{"rendered":"\t\t<div data-elementor-type=\"wp-page\" data-elementor-id=\"21964\" class=\"elementor elementor-21964\" data-elementor-post-type=\"page\">\n\t\t\t\t\t\t<section class=\"elementor-section elementor-top-section elementor-element elementor-element-7b97ce7 elementor-section-boxed elementor-section-height-default elementor-section-height-default\" data-id=\"7b97ce7\" data-element_type=\"section\">\n\t\t\t\t\t\t<div class=\"elementor-container elementor-column-gap-default\">\n\t\t\t\t\t<div class=\"elementor-column elementor-col-100 elementor-top-column elementor-element elementor-element-f981107\" data-id=\"f981107\" data-element_type=\"column\">\n\t\t\t<div class=\"elementor-widget-wrap elementor-element-populated\">\n\t\t\t\t\t\t<div class=\"elementor-element elementor-element-f57d369 elementor-widget elementor-widget-image\" data-id=\"f57d369\" data-element_type=\"widget\" data-widget_type=\"image.default\">\n\t\t\t\t<div class=\"elementor-widget-container\">\n\t\t\t\t\t\t\t\t\t\t\t\t\t\t\t<img fetchpriority=\"high\" decoding=\"async\" width=\"812\" height=\"649\" src=\"http:\/\/spbazanowice.com.pl\/wp-content\/uploads\/2024\/10\/PRZYGOTOWANIE-DO-EGZAMINU-NA-KARTE-ROWEROWA-1024x819.png\" class=\"attachment-large size-large wp-image-21967\" alt=\"\" srcset=\"http:\/\/spbazanowice.com.pl\/wp-content\/uploads\/2024\/10\/PRZYGOTOWANIE-DO-EGZAMINU-NA-KARTE-ROWEROWA-1024x819.png 1024w, http:\/\/spbazanowice.com.pl\/wp-content\/uploads\/2024\/10\/PRZYGOTOWANIE-DO-EGZAMINU-NA-KARTE-ROWEROWA-300x240.png 300w, http:\/\/spbazanowice.com.pl\/wp-content\/uploads\/2024\/10\/PRZYGOTOWANIE-DO-EGZAMINU-NA-KARTE-ROWEROWA-768x614.png 768w, http:\/\/spbazanowice.com.pl\/wp-content\/uploads\/2024\/10\/PRZYGOTOWANIE-DO-EGZAMINU-NA-KARTE-ROWEROWA-1536x1229.png 1536w, http:\/\/spbazanowice.com.pl\/wp-content\/uploads\/2024\/10\/PRZYGOTOWANIE-DO-EGZAMINU-NA-KARTE-ROWEROWA.png 2000w\" sizes=\"(max-width: 812px) 100vw, 812px\" \/>\t\t\t\t\t\t\t\t\t\t\t\t\t\t\t<\/div>\n\t\t\t\t<\/div>\n\t\t\t\t\t<\/div>\n\t\t<\/div>\n\t\t\t\t\t<\/div>\n\t\t<\/section>\n\t\t\t\t<section class=\"elementor-section elementor-top-section elementor-element elementor-element-ad0fbad elementor-section-boxed elementor-section-height-default elementor-section-height-default\" data-id=\"ad0fbad\" data-element_type=\"section\">\n\t\t\t\t\t\t<div class=\"elementor-container elementor-column-gap-default\">\n\t\t\t\t\t<div class=\"elementor-column elementor-col-100 elementor-top-column elementor-element elementor-element-e2f573a\" data-id=\"e2f573a\" data-element_type=\"column\">\n\t\t\t<div class=\"elementor-widget-wrap elementor-element-populated\">\n\t\t\t\t\t\t<div class=\"elementor-element elementor-element-f8a670c elementor-widget elementor-widget-heading\" data-id=\"f8a670c\" data-element_type=\"widget\" data-widget_type=\"heading.default\">\n\t\t\t\t<div class=\"elementor-widget-container\">\n\t\t\t\t\t<h2 class=\"elementor-heading-title elementor-size-default\">VADEMECUM ROWERZYSTY<\/h2>\t\t\t\t<\/div>\n\t\t\t\t<\/div>\n\t\t\t\t\t<\/div>\n\t\t<\/div>\n\t\t\t\t\t<\/div>\n\t\t<\/section>\n\t\t\t\t<section class=\"elementor-section elementor-top-section elementor-element elementor-element-6912f1b elementor-section-boxed elementor-section-height-default elementor-section-height-default\" data-id=\"6912f1b\" data-element_type=\"section\">\n\t\t\t\t\t\t<div class=\"elementor-container elementor-column-gap-default\">\n\t\t\t\t\t<div class=\"elementor-column elementor-col-100 elementor-top-column elementor-element elementor-element-5d6faff\" data-id=\"5d6faff\" data-element_type=\"column\">\n\t\t\t<div class=\"elementor-widget-wrap elementor-element-populated\">\n\t\t\t\t\t\t<div class=\"elementor-element elementor-element-883a61a elementor-widget elementor-widget-text-editor\" data-id=\"883a61a\" data-element_type=\"widget\" data-widget_type=\"text-editor.default\">\n\t\t\t\t<div class=\"elementor-widget-container\">\n\t\t\t\t\t\t\t\t\t<ol><li>Nigdy nie zapominaj o kasku podczas jazdy<\/li><li>Stosuj odpowiednio widoczn\u0105 odzie\u017c podczas jazdy<\/li><li>Ka\u017cdy zamiar skr\u0119tu sygnalizuj<\/li><li>B\u0105d\u017a zawsze czujny<\/li><li>Nigdy nie puszczaj kierownicy podczas jazdy<\/li><li>Nie trzymajmy si\u0119 kurczowo brzegu jezdni &#8211; jed\u017a w pewnej odleg\u0142o\u015bci od kraw\u0119dzi drogi &#8211; pobocze cz\u0119sto jest pe\u0142ne dziur<\/li><li>Po zmroku pami\u0119taj, aby wyposa\u017cy\u0107 si\u0119 w odpowiednie o\u015bwietlenie<\/li><li>Lusterko wsteczne cz\u0119sto bywa bardzo przydatnym dodatkowym wyposa\u017ceniem roweru<\/li><li>Nie zawsze, gdy widzisz kierowc\u0119, on widzi Ciebie, zachowaj ostro\u017cno\u015b\u0107<\/li><li>Zwolnij, szczeg\u00f3lnie po zmierzchu, kiedy jeste\u015b mniej widoczny<\/li><li>W dniu zakupu sprz\u0119tu rowerowego nie zapomnij go wyposa\u017cy\u0107 w niezb\u0119dne dodatkowe wyposa\u017cenie<\/li><li>W d\u0142u\u017csz\u0105 wycieczk\u0119 rowerow\u0105 zabierz apteczk\u0119 pierwszej pomoc<\/li><\/ol>\t\t\t\t\t\t\t\t<\/div>\n\t\t\t\t<\/div>\n\t\t\t\t<div class=\"elementor-element elementor-element-917e6b1 elementor-widget elementor-widget-heading\" data-id=\"917e6b1\" data-element_type=\"widget\" data-widget_type=\"heading.default\">\n\t\t\t\t<div class=\"elementor-widget-container\">\n\t\t\t\t\t<h2 class=\"elementor-heading-title elementor-size-default\">PODSTAWOWE ZNAKI DROGOWE<\/h2>\t\t\t\t<\/div>\n\t\t\t\t<\/div>\n\t\t\t\t<div class=\"elementor-element elementor-element-ca45533 elementor-widget elementor-widget-image\" data-id=\"ca45533\" data-element_type=\"widget\" data-widget_type=\"image.default\">\n\t\t\t\t<div class=\"elementor-widget-container\">\n\t\t\t\t\t\t\t\t\t\t\t\t\t\t\t<img decoding=\"async\" width=\"500\" height=\"708\" src=\"http:\/\/spbazanowice.com.pl\/wp-content\/uploads\/2024\/10\/ed98640c-67e7-4f11-9c40-f538f6a9a7fc.jpg\" class=\"attachment-large size-large wp-image-21986\" alt=\"\" srcset=\"http:\/\/spbazanowice.com.pl\/wp-content\/uploads\/2024\/10\/ed98640c-67e7-4f11-9c40-f538f6a9a7fc.jpg 500w, http:\/\/spbazanowice.com.pl\/wp-content\/uploads\/2024\/10\/ed98640c-67e7-4f11-9c40-f538f6a9a7fc-212x300.jpg 212w\" sizes=\"(max-width: 500px) 100vw, 500px\" \/>\t\t\t\t\t\t\t\t\t\t\t\t\t\t\t<\/div>\n\t\t\t\t<\/div>\n\t\t\t\t\t<\/div>\n\t\t<\/div>\n\t\t\t\t\t<\/div>\n\t\t<\/section>\n\t\t\t\t<section class=\"elementor-section elementor-top-section elementor-element elementor-element-6cccb46 elementor-section-boxed elementor-section-height-default elementor-section-height-default\" data-id=\"6cccb46\" data-element_type=\"section\">\n\t\t\t\t\t\t<div class=\"elementor-container elementor-column-gap-default\">\n\t\t\t\t\t<div class=\"elementor-column elementor-col-100 elementor-top-column elementor-element elementor-element-e7172ad\" data-id=\"e7172ad\" data-element_type=\"column\">\n\t\t\t<div class=\"elementor-widget-wrap elementor-element-populated\">\n\t\t\t\t\t\t<div class=\"elementor-element elementor-element-924767b elementor-widget elementor-widget-image\" data-id=\"924767b\" data-element_type=\"widget\" data-widget_type=\"image.default\">\n\t\t\t\t<div class=\"elementor-widget-container\">\n\t\t\t\t\t\t\t\t\t\t\t\t\t\t\t<img decoding=\"async\" width=\"812\" height=\"812\" src=\"http:\/\/spbazanowice.com.pl\/wp-content\/uploads\/2024\/10\/AAA-1024x1024.jpg\" class=\"attachment-large size-large wp-image-21978\" alt=\"\" srcset=\"http:\/\/spbazanowice.com.pl\/wp-content\/uploads\/2024\/10\/AAA-1024x1024.jpg 1024w, http:\/\/spbazanowice.com.pl\/wp-content\/uploads\/2024\/10\/AAA-300x300.jpg 300w, http:\/\/spbazanowice.com.pl\/wp-content\/uploads\/2024\/10\/AAA-150x150.jpg 150w, http:\/\/spbazanowice.com.pl\/wp-content\/uploads\/2024\/10\/AAA-768x768.jpg 768w, http:\/\/spbazanowice.com.pl\/wp-content\/uploads\/2024\/10\/AAA-144x144.jpg 144w, http:\/\/spbazanowice.com.pl\/wp-content\/uploads\/2024\/10\/AAA.jpg 1250w\" sizes=\"(max-width: 812px) 100vw, 812px\" \/>\t\t\t\t\t\t\t\t\t\t\t\t\t\t\t<\/div>\n\t\t\t\t<\/div>\n\t\t\t\t\t<\/div>\n\t\t<\/div>\n\t\t\t\t\t<\/div>\n\t\t<\/section>\n\t\t\t\t<section class=\"elementor-section elementor-top-section elementor-element elementor-element-9aef18b elementor-section-boxed elementor-section-height-default elementor-section-height-default\" data-id=\"9aef18b\" data-element_type=\"section\">\n\t\t\t\t\t\t<div class=\"elementor-container elementor-column-gap-default\">\n\t\t\t\t\t<div class=\"elementor-column elementor-col-100 elementor-top-column elementor-element elementor-element-aedcf5e\" data-id=\"aedcf5e\" data-element_type=\"column\">\n\t\t\t<div class=\"elementor-widget-wrap elementor-element-populated\">\n\t\t\t\t\t\t<div class=\"elementor-element elementor-element-b45c588 elementor-widget elementor-widget-text-editor\" data-id=\"b45c588\" data-element_type=\"widget\" data-widget_type=\"text-editor.default\">\n\t\t\t\t<div class=\"elementor-widget-container\">\n\t\t\t\t\t\t\t\t\t<p><span style=\"font-size: 28px;\"><strong><a href=\"https:\/\/brd.edu.pl\/\" target=\"_blank\" rel=\"noopener\"><span style=\"font-size: 30px;\">TESTY ONLINE &#8211; KLIKNIJ<\/span><\/a><\/strong><\/span><\/p>\t\t\t\t\t\t\t\t<\/div>\n\t\t\t\t<\/div>\n\t\t\t\t\t<\/div>\n\t\t<\/div>\n\t\t\t\t\t<\/div>\n\t\t<\/section>\n\t\t\t\t<\/div>\n\t\t","protected":false},"excerpt":{"rendered":"<p>VADEMECUM ROWERZYSTY Nigdy nie zapominaj o kasku podczas jazdy Stosuj odpowiednio widoczn\u0105 odzie\u017c podczas jazdy Ka\u017cdy zamiar skr\u0119tu sygnalizuj B\u0105d\u017a zawsze czujny Nigdy nie puszczaj kierownicy podczas jazdy Nie trzymajmy si\u0119 kurczowo brzegu jezdni &#8211; jed\u017a w pewnej odleg\u0142o\u015bci od kraw\u0119dzi drogi &#8211; pobocze cz\u0119sto jest pe\u0142ne dziur Po zmroku pami\u0119taj, aby wyposa\u017cy\u0107 si\u0119 w [&hellip;]<\/p>\n","protected":false},"author":4,"featured_media":0,"parent":0,"menu_order":0,"comment_status":"closed","ping_status":"closed","template":"","meta":{"footnotes":""},"class_list":["post-21964","page","type-page","status-publish","hentry"],"yoast_head":"<!-- This site is optimized with the Yoast SEO plugin v24.7 - https:\/\/yoast.com\/wordpress\/plugins\/seo\/ -->\n<title>Karta rowerowa - Szko\u0142a Podstawowa im. Paw\u0142a Stalmacha w Ba\u017canowicach<\/title>\n<meta name=\"robots\" content=\"index, follow, max-snippet:-1, max-image-preview:large, max-video-preview:-1\" \/>\n<link rel=\"canonical\" href=\"http:\/\/spbazanowice.com.pl\/?page_id=21964\" \/>\n<meta property=\"og:locale\" content=\"pl_PL\" \/>\n<meta property=\"og:type\" content=\"article\" \/>\n<meta property=\"og:title\" content=\"Karta rowerowa - Szko\u0142a Podstawowa im. Paw\u0142a Stalmacha w Ba\u017canowicach\" \/>\n<meta property=\"og:description\" content=\"VADEMECUM ROWERZYSTY Nigdy nie zapominaj o kasku podczas jazdy Stosuj odpowiednio widoczn\u0105 odzie\u017c podczas jazdy Ka\u017cdy zamiar skr\u0119tu sygnalizuj B\u0105d\u017a zawsze czujny Nigdy nie puszczaj kierownicy podczas jazdy Nie trzymajmy si\u0119 kurczowo brzegu jezdni &#8211; jed\u017a w pewnej odleg\u0142o\u015bci od kraw\u0119dzi drogi &#8211; pobocze cz\u0119sto jest pe\u0142ne dziur Po zmroku pami\u0119taj, aby wyposa\u017cy\u0107 si\u0119 w [&hellip;]\" \/>\n<meta property=\"og:url\" content=\"http:\/\/spbazanowice.com.pl\/?page_id=21964\" \/>\n<meta property=\"og:site_name\" content=\"Szko\u0142a Podstawowa im. Paw\u0142a Stalmacha w Ba\u017canowicach\" \/>\n<meta property=\"article:publisher\" content=\"https:\/\/www.facebook.com\/people\/Szkoa-Podstawowa-im-Pawa-Stalmacha-w-Baanowicach\/100063560261577\/\" \/>\n<meta property=\"article:modified_time\" content=\"2024-10-20T15:24:20+00:00\" \/>\n<meta property=\"og:image\" content=\"http:\/\/spbazanowice.com.pl\/wp-content\/uploads\/2024\/10\/PRZYGOTOWANIE-DO-EGZAMINU-NA-KARTE-ROWEROWA-1024x819.png\" \/>\n<meta name=\"twitter:card\" content=\"summary_large_image\" \/>\n<meta name=\"twitter:label1\" content=\"Szacowany czas czytania\" \/>\n\t<meta name=\"twitter:data1\" content=\"2 minuty\" \/>\n<script type=\"application\/ld+json\" class=\"yoast-schema-graph\">{\"@context\":\"https:\/\/schema.org\",\"@graph\":[{\"@type\":\"WebPage\",\"@id\":\"http:\/\/spbazanowice.com.pl\/?page_id=21964\",\"url\":\"http:\/\/spbazanowice.com.pl\/?page_id=21964\",\"name\":\"Karta rowerowa - Szko\u0142a Podstawowa im. Paw\u0142a Stalmacha w Ba\u017canowicach\",\"isPartOf\":{\"@id\":\"http:\/\/spbazanowice.com.pl\/#website\"},\"primaryImageOfPage\":{\"@id\":\"http:\/\/spbazanowice.com.pl\/?page_id=21964#primaryimage\"},\"image\":{\"@id\":\"http:\/\/spbazanowice.com.pl\/?page_id=21964#primaryimage\"},\"thumbnailUrl\":\"http:\/\/spbazanowice.com.pl\/wp-content\/uploads\/2024\/10\/PRZYGOTOWANIE-DO-EGZAMINU-NA-KARTE-ROWEROWA-1024x819.png\",\"datePublished\":\"2024-10-20T14:29:50+00:00\",\"dateModified\":\"2024-10-20T15:24:20+00:00\",\"breadcrumb\":{\"@id\":\"http:\/\/spbazanowice.com.pl\/?page_id=21964#breadcrumb\"},\"inLanguage\":\"pl-PL\",\"potentialAction\":[{\"@type\":\"ReadAction\",\"target\":[\"http:\/\/spbazanowice.com.pl\/?page_id=21964\"]}]},{\"@type\":\"ImageObject\",\"inLanguage\":\"pl-PL\",\"@id\":\"http:\/\/spbazanowice.com.pl\/?page_id=21964#primaryimage\",\"url\":\"http:\/\/spbazanowice.com.pl\/wp-content\/uploads\/2024\/10\/PRZYGOTOWANIE-DO-EGZAMINU-NA-KARTE-ROWEROWA.png\",\"contentUrl\":\"http:\/\/spbazanowice.com.pl\/wp-content\/uploads\/2024\/10\/PRZYGOTOWANIE-DO-EGZAMINU-NA-KARTE-ROWEROWA.png\",\"width\":2000,\"height\":1600},{\"@type\":\"BreadcrumbList\",\"@id\":\"http:\/\/spbazanowice.com.pl\/?page_id=21964#breadcrumb\",\"itemListElement\":[{\"@type\":\"ListItem\",\"position\":1,\"name\":\"Strona g\u0142\u00f3wna\",\"item\":\"http:\/\/spbazanowice.com.pl\/\"},{\"@type\":\"ListItem\",\"position\":2,\"name\":\"Karta rowerowa\"}]},{\"@type\":\"WebSite\",\"@id\":\"http:\/\/spbazanowice.com.pl\/#website\",\"url\":\"http:\/\/spbazanowice.com.pl\/\",\"name\":\"Szko\u0142a Podstawowa im. Paw\u0142a Stalmacha w Ba\u017canowicach\",\"description\":\"\",\"publisher\":{\"@id\":\"http:\/\/spbazanowice.com.pl\/#organization\"},\"potentialAction\":[{\"@type\":\"SearchAction\",\"target\":{\"@type\":\"EntryPoint\",\"urlTemplate\":\"http:\/\/spbazanowice.com.pl\/?s={search_term_string}\"},\"query-input\":{\"@type\":\"PropertyValueSpecification\",\"valueRequired\":true,\"valueName\":\"search_term_string\"}}],\"inLanguage\":\"pl-PL\"},{\"@type\":\"Organization\",\"@id\":\"http:\/\/spbazanowice.com.pl\/#organization\",\"name\":\"Szko\u0142a Podstawowa im. Paw\u0142a Stalmacha w Ba\u017canowicach\",\"url\":\"http:\/\/spbazanowice.com.pl\/\",\"logo\":{\"@type\":\"ImageObject\",\"inLanguage\":\"pl-PL\",\"@id\":\"http:\/\/spbazanowice.com.pl\/#\/schema\/logo\/image\/\",\"url\":\"http:\/\/spbazanowice.com.pl\/wp-content\/uploads\/2023\/03\/IMG-20211220-WA0000-1.jpg\",\"contentUrl\":\"http:\/\/spbazanowice.com.pl\/wp-content\/uploads\/2023\/03\/IMG-20211220-WA0000-1.jpg\",\"width\":353,\"height\":396,\"caption\":\"Szko\u0142a Podstawowa im. Paw\u0142a Stalmacha w Ba\u017canowicach\"},\"image\":{\"@id\":\"http:\/\/spbazanowice.com.pl\/#\/schema\/logo\/image\/\"},\"sameAs\":[\"https:\/\/www.facebook.com\/people\/Szkoa-Podstawowa-im-Pawa-Stalmacha-w-Baanowicach\/100063560261577\/\"]}]}<\/script>\n<!-- \/ Yoast SEO plugin. -->","yoast_head_json":{"title":"Karta rowerowa - Szko\u0142a Podstawowa im. Paw\u0142a Stalmacha w Ba\u017canowicach","robots":{"index":"index","follow":"follow","max-snippet":"max-snippet:-1","max-image-preview":"max-image-preview:large","max-video-preview":"max-video-preview:-1"},"canonical":"http:\/\/spbazanowice.com.pl\/?page_id=21964","og_locale":"pl_PL","og_type":"article","og_title":"Karta rowerowa - Szko\u0142a Podstawowa im. Paw\u0142a Stalmacha w Ba\u017canowicach","og_description":"VADEMECUM ROWERZYSTY Nigdy nie zapominaj o kasku podczas jazdy Stosuj odpowiednio widoczn\u0105 odzie\u017c podczas jazdy Ka\u017cdy zamiar skr\u0119tu sygnalizuj B\u0105d\u017a zawsze czujny Nigdy nie puszczaj kierownicy podczas jazdy Nie trzymajmy si\u0119 kurczowo brzegu jezdni &#8211; jed\u017a w pewnej odleg\u0142o\u015bci od kraw\u0119dzi drogi &#8211; pobocze cz\u0119sto jest pe\u0142ne dziur Po zmroku pami\u0119taj, aby wyposa\u017cy\u0107 si\u0119 w [&hellip;]","og_url":"http:\/\/spbazanowice.com.pl\/?page_id=21964","og_site_name":"Szko\u0142a Podstawowa im. Paw\u0142a Stalmacha w Ba\u017canowicach","article_publisher":"https:\/\/www.facebook.com\/people\/Szkoa-Podstawowa-im-Pawa-Stalmacha-w-Baanowicach\/100063560261577\/","article_modified_time":"2024-10-20T15:24:20+00:00","og_image":[{"url":"http:\/\/spbazanowice.com.pl\/wp-content\/uploads\/2024\/10\/PRZYGOTOWANIE-DO-EGZAMINU-NA-KARTE-ROWEROWA-1024x819.png","type":"","width":"","height":""}],"twitter_card":"summary_large_image","twitter_misc":{"Szacowany czas czytania":"2 minuty"},"schema":{"@context":"https:\/\/schema.org","@graph":[{"@type":"WebPage","@id":"http:\/\/spbazanowice.com.pl\/?page_id=21964","url":"http:\/\/spbazanowice.com.pl\/?page_id=21964","name":"Karta rowerowa - Szko\u0142a Podstawowa im. Paw\u0142a Stalmacha w Ba\u017canowicach","isPartOf":{"@id":"http:\/\/spbazanowice.com.pl\/#website"},"primaryImageOfPage":{"@id":"http:\/\/spbazanowice.com.pl\/?page_id=21964#primaryimage"},"image":{"@id":"http:\/\/spbazanowice.com.pl\/?page_id=21964#primaryimage"},"thumbnailUrl":"http:\/\/spbazanowice.com.pl\/wp-content\/uploads\/2024\/10\/PRZYGOTOWANIE-DO-EGZAMINU-NA-KARTE-ROWEROWA-1024x819.png","datePublished":"2024-10-20T14:29:50+00:00","dateModified":"2024-10-20T15:24:20+00:00","breadcrumb":{"@id":"http:\/\/spbazanowice.com.pl\/?page_id=21964#breadcrumb"},"inLanguage":"pl-PL","potentialAction":[{"@type":"ReadAction","target":["http:\/\/spbazanowice.com.pl\/?page_id=21964"]}]},{"@type":"ImageObject","inLanguage":"pl-PL","@id":"http:\/\/spbazanowice.com.pl\/?page_id=21964#primaryimage","url":"http:\/\/spbazanowice.com.pl\/wp-content\/uploads\/2024\/10\/PRZYGOTOWANIE-DO-EGZAMINU-NA-KARTE-ROWEROWA.png","contentUrl":"http:\/\/spbazanowice.com.pl\/wp-content\/uploads\/2024\/10\/PRZYGOTOWANIE-DO-EGZAMINU-NA-KARTE-ROWEROWA.png","width":2000,"height":1600},{"@type":"BreadcrumbList","@id":"http:\/\/spbazanowice.com.pl\/?page_id=21964#breadcrumb","itemListElement":[{"@type":"ListItem","position":1,"name":"Strona g\u0142\u00f3wna","item":"http:\/\/spbazanowice.com.pl\/"},{"@type":"ListItem","position":2,"name":"Karta rowerowa"}]},{"@type":"WebSite","@id":"http:\/\/spbazanowice.com.pl\/#website","url":"http:\/\/spbazanowice.com.pl\/","name":"Szko\u0142a Podstawowa im. Paw\u0142a Stalmacha w Ba\u017canowicach","description":"","publisher":{"@id":"http:\/\/spbazanowice.com.pl\/#organization"},"potentialAction":[{"@type":"SearchAction","target":{"@type":"EntryPoint","urlTemplate":"http:\/\/spbazanowice.com.pl\/?s={search_term_string}"},"query-input":{"@type":"PropertyValueSpecification","valueRequired":true,"valueName":"search_term_string"}}],"inLanguage":"pl-PL"},{"@type":"Organization","@id":"http:\/\/spbazanowice.com.pl\/#organization","name":"Szko\u0142a Podstawowa im. Paw\u0142a Stalmacha w Ba\u017canowicach","url":"http:\/\/spbazanowice.com.pl\/","logo":{"@type":"ImageObject","inLanguage":"pl-PL","@id":"http:\/\/spbazanowice.com.pl\/#\/schema\/logo\/image\/","url":"http:\/\/spbazanowice.com.pl\/wp-content\/uploads\/2023\/03\/IMG-20211220-WA0000-1.jpg","contentUrl":"http:\/\/spbazanowice.com.pl\/wp-content\/uploads\/2023\/03\/IMG-20211220-WA0000-1.jpg","width":353,"height":396,"caption":"Szko\u0142a Podstawowa im. Paw\u0142a Stalmacha w Ba\u017canowicach"},"image":{"@id":"http:\/\/spbazanowice.com.pl\/#\/schema\/logo\/image\/"},"sameAs":["https:\/\/www.facebook.com\/people\/Szkoa-Podstawowa-im-Pawa-Stalmacha-w-Baanowicach\/100063560261577\/"]}]}},"_links":{"self":[{"href":"http:\/\/spbazanowice.com.pl\/index.php?rest_route=\/wp\/v2\/pages\/21964","targetHints":{"allow":["GET"]}}],"collection":[{"href":"http:\/\/spbazanowice.com.pl\/index.php?rest_route=\/wp\/v2\/pages"}],"about":[{"href":"http:\/\/spbazanowice.com.pl\/index.php?rest_route=\/wp\/v2\/types\/page"}],"author":[{"embeddable":true,"href":"http:\/\/spbazanowice.com.pl\/index.php?rest_route=\/wp\/v2\/users\/4"}],"replies":[{"embeddable":true,"href":"http:\/\/spbazanowice.com.pl\/index.php?rest_route=%2Fwp%2Fv2%2Fcomments&post=21964"}],"version-history":[{"count":29,"href":"http:\/\/spbazanowice.com.pl\/index.php?rest_route=\/wp\/v2\/pages\/21964\/revisions"}],"predecessor-version":[{"id":21998,"href":"http:\/\/spbazanowice.com.pl\/index.php?rest_route=\/wp\/v2\/pages\/21964\/revisions\/21998"}],"wp:attachment":[{"href":"http:\/\/spbazanowice.com.pl\/index.php?rest_route=%2Fwp%2Fv2%2Fmedia&parent=21964"}],"curies":[{"name":"wp","href":"https:\/\/api.w.org\/{rel}","templated":true}]}}